{"id":513,"date":"2022-03-17T01:21:34","date_gmt":"2022-03-17T01:21:34","guid":{"rendered":"http:\/\/juanramon.tfgudcfeegsfv2022.es\/blog\/?post_type=product&#038;p=513"},"modified":"2022-07-29T16:48:37","modified_gmt":"2022-07-29T16:48:37","slug":"cerveza-palm-cornet-33-cl","status":"publish","type":"product","link":"https:\/\/garum.carlarey.es\/index.php\/producto\/cerveza-palm-cornet-33-cl\/","title":{"rendered":"Cerveza Palm Cornet &#8211; 33 cl"},"content":{"rendered":"<p style=\"text-align: justify;\">Palm Cornet es una cerveza belga fuerte -8,5% alc.\/vol. del tipo ALE (Belgian Strong Ale), rubia, de doble fermentaci\u00f3n y con la segunda de estas en la misma botella. Se almacena en fr\u00edo sobre roble, conservando el equilibrio entre la fruta de la levadura y los ligeros toques de vainilla que se consiguen mediante la adici\u00f3n de virutas de roble durante su elaboraci\u00f3n. El acabado es redondo, c\u00e1lido, y tiene suaves matices particularmente llamativos. La cerveza Palm Cornet recibi\u00f3 la medalla de oro en los <strong>World Beer Awards 2014<\/strong>.<\/p>\n<p style=\"text-align: justify;\">Fabricada por la cervecera belga Palm en honor de <em>Theodoor Cornet<\/em>, entonces mayordomo del castillo de Diepensteyn. Su Se\u00f1or, el Conde de Maldeghem, descendiente de su ilustre antepasado, <em>Sir Salomon de Maldeghem<\/em>, pidi\u00f3 a Theodoor Cornet que se preparara una cerveza fuerte. Y as\u00ed naci\u00f3 la legendaria cerveza. Esta cerveza exclusiva fue elaborada y almacenada en barricas de roble dentro del castillo. El conde la serv\u00eda solo a los hu\u00e9spedes importantes y en eventos especiales.<\/p>\n","protected":false},"excerpt":{"rendered":"<p style=\"text-align: justify;\">Cerveza belga fuerte -8,5% alc.\/vol. del tipo ALE.<\/p>\n","protected":false},"featured_media":37,"comment_status":"open","ping_status":"closed","template":"","meta":[],"product_cat":[28],"product_tag":[],"class_list":["post-513","product","type-product","status-publish","has-post-thumbnail","hentry","product_cat-cervezas-importadas"],"_links":{"self":[{"href":"https:\/\/garum.carlarey.es\/index.php\/wp-json\/wp\/v2\/product\/513","targetHints":{"allow":["GET"]}}],"collection":[{"href":"https:\/\/garum.carlarey.es\/index.php\/wp-json\/wp\/v2\/product"}],"about":[{"href":"https:\/\/garum.carlarey.es\/index.php\/wp-json\/wp\/v2\/types\/product"}],"replies":[{"embeddable":true,"href":"https:\/\/garum.carlarey.es\/index.php\/wp-json\/wp\/v2\/comments?post=513"}],"wp:featuredmedia":[{"embeddable":true,"href":"https:\/\/garum.carlarey.es\/index.php\/wp-json\/wp\/v2\/media\/37"}],"wp:attachment":[{"href":"https:\/\/garum.carlarey.es\/index.php\/wp-json\/wp\/v2\/media?parent=513"}],"wp:term":[{"taxonomy":"product_cat","embeddable":true,"href":"https:\/\/garum.carlarey.es\/index.php\/wp-json\/wp\/v2\/product_cat?post=513"},{"taxonomy":"product_tag","embeddable":true,"href":"https:\/\/garum.carlarey.es\/index.php\/wp-json\/wp\/v2\/product_tag?post=513"}],"curies":[{"name":"wp","href":"https:\/\/api.w.org\/{rel}","templated":true}]}}