{"id":507,"date":"2022-03-17T01:17:32","date_gmt":"2022-03-17T01:17:32","guid":{"rendered":"http:\/\/juanramon.tfgudcfeegsfv2022.es\/blog\/?post_type=product&#038;p=507"},"modified":"2022-07-29T16:49:48","modified_gmt":"2022-07-29T16:49:48","slug":"cerveza-grimbergen-optimo-bruno-33-cl","status":"publish","type":"product","link":"https:\/\/garum.carlarey.es\/index.php\/producto\/cerveza-grimbergen-optimo-bruno-33-cl\/","title":{"rendered":"Cerveza Grimbergen Optimo Bruno &#8211; 33 cl"},"content":{"rendered":"<p style=\"text-align: justify;\">El f\u00e9nix ha marcado civilizaciones a lo largo de los siglos. Persas, griegos y romanos lo consideraban como un s\u00edmbolo de renacimiento y serenidad.<\/p>\n<p style=\"text-align: justify;\">Durante siglos, sus poderes m\u00edsticos inspirados hombres que anhelaban la libertad y trataron de reinventarse a s\u00ed mismos. Fundada en 1128, la abad\u00eda de Grimbergen fue destruida en un terrible incendio en 1142, y de nuevo en 1566 y 1798.<\/p>\n<p style=\"text-align: justify;\">Cada vez que fue destruida, fue reconstruida. Los monjes de Grimbergen tomaron el f\u00e9nix como su s\u00edmbolo, un signo de renacimiento perpetuo de su abad\u00eda, y adoptaron un lema en su honra: <em>consumitur ncp Ardet<\/em> , quemada, pero no destruida.<\/p>\n<p style=\"text-align: justify;\">Su receta para la cerveza tambi\u00e9n ha resistido la prueba del tiempo, por lo que es una bebida muy animada con car\u00e1cter inigualable. Aut\u00e9ntico, \u00fanico y complejo con m\u00faltiples aromas, la cerveza del f\u00e9nix da lugar a sabores inesperados que se revelan con cada sorbo.<\/p>\n<p style=\"text-align: justify;\">Esta cerveza originalmente se elaboraba s\u00f3lo en tiempo de pascua.<\/p>\n<p style=\"text-align: justify;\">Sugestiva nariz con complejo conjunto de flores, caramelo tostado, cerezas maduras y yodo.<\/p>\n<p style=\"text-align: justify;\">Textura densa y amplia en boca. Paladar muy seco, afrutado, intenso fuerte, obtenido por su doble fermentaci\u00f3n.<\/p>\n","protected":false},"excerpt":{"rendered":"<p>Cerveza belga fuerte -10% alc.\/vol. del tipo ALE.<\/p>\n","protected":false},"featured_media":38,"comment_status":"open","ping_status":"closed","template":"","meta":[],"product_cat":[28],"product_tag":[],"class_list":["post-507","product","type-product","status-publish","has-post-thumbnail","hentry","product_cat-cervezas-importadas"],"_links":{"self":[{"href":"https:\/\/garum.carlarey.es\/index.php\/wp-json\/wp\/v2\/product\/507","targetHints":{"allow":["GET"]}}],"collection":[{"href":"https:\/\/garum.carlarey.es\/index.php\/wp-json\/wp\/v2\/product"}],"about":[{"href":"https:\/\/garum.carlarey.es\/index.php\/wp-json\/wp\/v2\/types\/product"}],"replies":[{"embeddable":true,"href":"https:\/\/garum.carlarey.es\/index.php\/wp-json\/wp\/v2\/comments?post=507"}],"wp:featuredmedia":[{"embeddable":true,"href":"https:\/\/garum.carlarey.es\/index.php\/wp-json\/wp\/v2\/media\/38"}],"wp:attachment":[{"href":"https:\/\/garum.carlarey.es\/index.php\/wp-json\/wp\/v2\/media?parent=507"}],"wp:term":[{"taxonomy":"product_cat","embeddable":true,"href":"https:\/\/garum.carlarey.es\/index.php\/wp-json\/wp\/v2\/product_cat?post=507"},{"taxonomy":"product_tag","embeddable":true,"href":"https:\/\/garum.carlarey.es\/index.php\/wp-json\/wp\/v2\/product_tag?post=507"}],"curies":[{"name":"wp","href":"https:\/\/api.w.org\/{rel}","templated":true}]}}