{"id":505,"date":"2022-03-17T01:15:31","date_gmt":"2022-03-17T01:15:31","guid":{"rendered":"http:\/\/juanramon.tfgudcfeegsfv2022.es\/blog\/?post_type=product&#038;p=505"},"modified":"2022-07-29T16:50:28","modified_gmt":"2022-07-29T16:50:28","slug":"cerveza-la-chouffe-houblon-33-cl","status":"publish","type":"product","link":"https:\/\/garum.carlarey.es\/index.php\/producto\/cerveza-la-chouffe-houblon-33-cl\/","title":{"rendered":"Cerveza La Chouffe Houblon &#8211; 33 cl"},"content":{"rendered":"<p style=\"text-align: justify;\">Muy solicitada por los expertos, Houblon CHOUFFE es una cerveza fuerte -9% alc.\/vol., con un sabor amargo y afrutado. Para recrear el amargor de las IPA, a\u00f1adimos tres tipos de l\u00fapulo a nuestras cervezas: <em>Tomahawk<\/em>, <em>Saaz<\/em> y <em>Amarillo<\/em>. Houblon CHOUFFE es la primera IPA belga.<\/p>\n<p style=\"text-align: justify;\">Prueba esta magn\u00edfica cerveza y podr\u00e1s apreciar su sutil nota de pomelo. Esta cerveza tambi\u00e9n es muy popular como ingrediente de platos culinarios.<\/p>\n","protected":false},"excerpt":{"rendered":"<p>Cerveza belga fuerte -9% alc.\/vol. del tipo IPA.<\/p>\n","protected":false},"featured_media":36,"comment_status":"open","ping_status":"closed","template":"","meta":[],"product_cat":[28],"product_tag":[],"class_list":["post-505","product","type-product","status-publish","has-post-thumbnail","hentry","product_cat-cervezas-importadas"],"_links":{"self":[{"href":"https:\/\/garum.carlarey.es\/index.php\/wp-json\/wp\/v2\/product\/505","targetHints":{"allow":["GET"]}}],"collection":[{"href":"https:\/\/garum.carlarey.es\/index.php\/wp-json\/wp\/v2\/product"}],"about":[{"href":"https:\/\/garum.carlarey.es\/index.php\/wp-json\/wp\/v2\/types\/product"}],"replies":[{"embeddable":true,"href":"https:\/\/garum.carlarey.es\/index.php\/wp-json\/wp\/v2\/comments?post=505"}],"wp:featuredmedia":[{"embeddable":true,"href":"https:\/\/garum.carlarey.es\/index.php\/wp-json\/wp\/v2\/media\/36"}],"wp:attachment":[{"href":"https:\/\/garum.carlarey.es\/index.php\/wp-json\/wp\/v2\/media?parent=505"}],"wp:term":[{"taxonomy":"product_cat","embeddable":true,"href":"https:\/\/garum.carlarey.es\/index.php\/wp-json\/wp\/v2\/product_cat?post=505"},{"taxonomy":"product_tag","embeddable":true,"href":"https:\/\/garum.carlarey.es\/index.php\/wp-json\/wp\/v2\/product_tag?post=505"}],"curies":[{"name":"wp","href":"https:\/\/api.w.org\/{rel}","templated":true}]}}