{"id":469,"date":"2022-03-16T22:33:47","date_gmt":"2022-03-16T22:33:47","guid":{"rendered":"http:\/\/juanramon.tfgudcfeegsfv2022.es\/blog\/?post_type=product&#038;p=469"},"modified":"2022-07-29T15:31:45","modified_gmt":"2022-07-29T15:31:45","slug":"grelos-a-rosaleira-800-g","status":"publish","type":"product","link":"https:\/\/garum.carlarey.es\/index.php\/producto\/grelos-a-rosaleira-800-g\/","title":{"rendered":"Grelos a Rosaleira &#8211; 800 g"},"content":{"rendered":"<p style=\"text-align: justify;\">De nuestros grelos cuidadosamente seleccionados se cortan los tallos para conservar las partes m\u00e1s tiernas. Exquisita verdura, baja en calor\u00edas y alto contenido en fibra.<\/p>\n<p style=\"text-align: justify;\">Precocidos y listos para consumir.<\/p>\n<p style=\"text-align: justify;\">Los grelos son ideales como guarnici\u00f3n de pescados y carnes, en tortilla, revueltos, en empanada, tostas y el t\u00edpico lac\u00f3n con grelos.<\/p>\n","protected":false},"excerpt":{"rendered":"<p>Grelos de Galicia.<\/p>\n","protected":false},"featured_media":34,"comment_status":"open","ping_status":"closed","template":"","meta":[],"product_cat":[24],"product_tag":[],"class_list":["post-469","product","type-product","status-publish","has-post-thumbnail","hentry","product_cat-conservas"],"_links":{"self":[{"href":"https:\/\/garum.carlarey.es\/index.php\/wp-json\/wp\/v2\/product\/469","targetHints":{"allow":["GET"]}}],"collection":[{"href":"https:\/\/garum.carlarey.es\/index.php\/wp-json\/wp\/v2\/product"}],"about":[{"href":"https:\/\/garum.carlarey.es\/index.php\/wp-json\/wp\/v2\/types\/product"}],"replies":[{"embeddable":true,"href":"https:\/\/garum.carlarey.es\/index.php\/wp-json\/wp\/v2\/comments?post=469"}],"wp:featuredmedia":[{"embeddable":true,"href":"https:\/\/garum.carlarey.es\/index.php\/wp-json\/wp\/v2\/media\/34"}],"wp:attachment":[{"href":"https:\/\/garum.carlarey.es\/index.php\/wp-json\/wp\/v2\/media?parent=469"}],"wp:term":[{"taxonomy":"product_cat","embeddable":true,"href":"https:\/\/garum.carlarey.es\/index.php\/wp-json\/wp\/v2\/product_cat?post=469"},{"taxonomy":"product_tag","embeddable":true,"href":"https:\/\/garum.carlarey.es\/index.php\/wp-json\/wp\/v2\/product_tag?post=469"}],"curies":[{"name":"wp","href":"https:\/\/api.w.org\/{rel}","templated":true}]}}