{"id":462,"date":"2022-03-16T20:36:05","date_gmt":"2022-03-16T20:36:05","guid":{"rendered":"http:\/\/juanramon.tfgudcfeegsfv2022.es\/blog\/?post_type=product&#038;p=462"},"modified":"2022-07-29T19:00:50","modified_gmt":"2022-07-29T19:00:50","slug":"chorizo-iberico-sierra-de-azuaga-100-g","status":"publish","type":"product","link":"https:\/\/garum.carlarey.es\/index.php\/producto\/chorizo-iberico-sierra-de-azuaga-100-g\/","title":{"rendered":"Chorizo ib\u00e9rico Sierra de Azuaga &#8211; 100 g"},"content":{"rendered":"<p style=\"text-align: justify;\">El chorizo ib\u00e9rico Sierra de Azuaga por su sabor recuerda mucho al aut\u00e9ntico embutido que se hace de manera tradicional en el noroeste de Espa\u00f1a, para degustarlo con una buena hogaza o chapata de pan, por su personalidad ahumada se mezcla con el piment\u00f3n, su grasa bien repartida y su poco nervio lo hacen muy apetitoso.<\/p>\n<p style=\"text-align: justify;\">Ingredientes: Carnes de cerdo ib\u00e9rico, sal, pimentones y extracto de piment\u00f3n, ajo, leche en polvo desnatada, dextrosa, estabilizadores (E-451i, E-450i y E-452ii), antioxidantes (E-331iii y E-316) y conservadores (E-252 y E-250).<\/p>\n","protected":false},"excerpt":{"rendered":"<p style=\"text-align: justify;\">Chorizo ib\u00e9rico extra en lonchas sin gluten envase 100 g.<\/p>\n","protected":false},"featured_media":58,"comment_status":"open","ping_status":"closed","template":"","meta":[],"product_cat":[23],"product_tag":[],"class_list":["post-462","product","type-product","status-publish","has-post-thumbnail","hentry","product_cat-embutidos"],"_links":{"self":[{"href":"https:\/\/garum.carlarey.es\/index.php\/wp-json\/wp\/v2\/product\/462","targetHints":{"allow":["GET"]}}],"collection":[{"href":"https:\/\/garum.carlarey.es\/index.php\/wp-json\/wp\/v2\/product"}],"about":[{"href":"https:\/\/garum.carlarey.es\/index.php\/wp-json\/wp\/v2\/types\/product"}],"replies":[{"embeddable":true,"href":"https:\/\/garum.carlarey.es\/index.php\/wp-json\/wp\/v2\/comments?post=462"}],"wp:featuredmedia":[{"embeddable":true,"href":"https:\/\/garum.carlarey.es\/index.php\/wp-json\/wp\/v2\/media\/58"}],"wp:attachment":[{"href":"https:\/\/garum.carlarey.es\/index.php\/wp-json\/wp\/v2\/media?parent=462"}],"wp:term":[{"taxonomy":"product_cat","embeddable":true,"href":"https:\/\/garum.carlarey.es\/index.php\/wp-json\/wp\/v2\/product_cat?post=462"},{"taxonomy":"product_tag","embeddable":true,"href":"https:\/\/garum.carlarey.es\/index.php\/wp-json\/wp\/v2\/product_tag?post=462"}],"curies":[{"name":"wp","href":"https:\/\/api.w.org\/{rel}","templated":true}]}}