{"id":436,"date":"2022-03-16T19:36:47","date_gmt":"2022-03-16T19:36:47","guid":{"rendered":"http:\/\/juanramon.tfgudcfeegsfv2022.es\/blog\/?post_type=product&#038;p=436"},"modified":"2022-07-29T13:36:22","modified_gmt":"2022-07-29T13:36:22","slug":"torta-del-casar-600-g","status":"publish","type":"product","link":"https:\/\/garum.carlarey.es\/index.php\/producto\/torta-del-casar-600-g\/","title":{"rendered":"Torta del Casar &#8211; 600 g"},"content":{"rendered":"<p style=\"text-align: justify;\">Uno de nuestros grandes quesos y de los m\u00e1s reconocidos de la tierra Extreme\u00f1a, catalogado como uno de los mejores del mundo, la Torta del Casar. Completamente natural y elaboraci\u00f3n artesanal.<\/p>\n<p style=\"text-align: justify;\">Denominaci\u00f3n de Origen Protegida de \u00e1mbito Europeo que certifica su calidad y cremosidad.<\/p>\n<p style=\"text-align: justify;\">Unidades de aproximadamente 600 gr, perfectas para unos 6-8 comensales.<\/p>\n","protected":false},"excerpt":{"rendered":"<p style=\"text-align: justify;\">Queso de leche cruda de oveja proveniente de las razas Merina y Entrefina DOP.<\/p>\n","protected":false},"featured_media":126,"comment_status":"open","ping_status":"closed","template":"","meta":[],"product_cat":[22],"product_tag":[],"class_list":["post-436","product","type-product","status-publish","has-post-thumbnail","hentry","product_cat-quesos"],"_links":{"self":[{"href":"https:\/\/garum.carlarey.es\/index.php\/wp-json\/wp\/v2\/product\/436","targetHints":{"allow":["GET"]}}],"collection":[{"href":"https:\/\/garum.carlarey.es\/index.php\/wp-json\/wp\/v2\/product"}],"about":[{"href":"https:\/\/garum.carlarey.es\/index.php\/wp-json\/wp\/v2\/types\/product"}],"replies":[{"embeddable":true,"href":"https:\/\/garum.carlarey.es\/index.php\/wp-json\/wp\/v2\/comments?post=436"}],"wp:featuredmedia":[{"embeddable":true,"href":"https:\/\/garum.carlarey.es\/index.php\/wp-json\/wp\/v2\/media\/126"}],"wp:attachment":[{"href":"https:\/\/garum.carlarey.es\/index.php\/wp-json\/wp\/v2\/media?parent=436"}],"wp:term":[{"taxonomy":"product_cat","embeddable":true,"href":"https:\/\/garum.carlarey.es\/index.php\/wp-json\/wp\/v2\/product_cat?post=436"},{"taxonomy":"product_tag","embeddable":true,"href":"https:\/\/garum.carlarey.es\/index.php\/wp-json\/wp\/v2\/product_tag?post=436"}],"curies":[{"name":"wp","href":"https:\/\/api.w.org\/{rel}","templated":true}]}}