{"id":412,"date":"2022-03-15T23:22:40","date_gmt":"2022-03-15T23:22:40","guid":{"rendered":"http:\/\/juanramon.tfgudcfeegsfv2022.es\/blog\/?post_type=product&#038;p=412"},"modified":"2022-07-29T16:43:20","modified_gmt":"2022-07-29T16:43:20","slug":"ratafia-dels-raiers-70-cl","status":"publish","type":"product","link":"https:\/\/garum.carlarey.es\/index.php\/producto\/ratafia-dels-raiers-70-cl\/","title":{"rendered":"Ratafia dels Raiers &#8211; 70 cl"},"content":{"rendered":"<p style=\"text-align: justify;\">La Ratafia dels Raiers es un licor elaborado con la maceraci\u00f3n de nueces tiernas y la destilaci\u00f3n de 22 plantas arom\u00e1ticas, ra\u00edces y especias. Posteriormente se envejece tres meses en barricas de roble. Contin\u00faa la tradici\u00f3n de este licor, hecho durante siglos en las casas de campo de la Catalu\u00f1a interior, siguiendo antiguas recetas, guardadas con mucho celo, que se transmit\u00edan de generaci\u00f3n en generaci\u00f3n.<\/p>\n<p style=\"text-align: justify;\">Se recomienda tomarla despu\u00e9s de comer, con hielo o bien fr\u00eda. Es tambi\u00e9n un excelente complemento a la cocina en salsas o asados, donde aporta todos los sabores y matices de las plantas con que se elabora y tambi\u00e9n para elaborar postres con fruta o pasteler\u00eda.<\/p>\n","protected":false},"excerpt":{"rendered":"<p>Arom\u00e1tico licor de nueces tradicional de la Catalu\u00f1a interior.<\/p>\n","protected":false},"featured_media":91,"comment_status":"open","ping_status":"closed","template":"","meta":[],"product_cat":[21],"product_tag":[],"class_list":["post-412","product","type-product","status-publish","has-post-thumbnail","hentry","product_cat-licores"],"_links":{"self":[{"href":"https:\/\/garum.carlarey.es\/index.php\/wp-json\/wp\/v2\/product\/412","targetHints":{"allow":["GET"]}}],"collection":[{"href":"https:\/\/garum.carlarey.es\/index.php\/wp-json\/wp\/v2\/product"}],"about":[{"href":"https:\/\/garum.carlarey.es\/index.php\/wp-json\/wp\/v2\/types\/product"}],"replies":[{"embeddable":true,"href":"https:\/\/garum.carlarey.es\/index.php\/wp-json\/wp\/v2\/comments?post=412"}],"wp:featuredmedia":[{"embeddable":true,"href":"https:\/\/garum.carlarey.es\/index.php\/wp-json\/wp\/v2\/media\/91"}],"wp:attachment":[{"href":"https:\/\/garum.carlarey.es\/index.php\/wp-json\/wp\/v2\/media?parent=412"}],"wp:term":[{"taxonomy":"product_cat","embeddable":true,"href":"https:\/\/garum.carlarey.es\/index.php\/wp-json\/wp\/v2\/product_cat?post=412"},{"taxonomy":"product_tag","embeddable":true,"href":"https:\/\/garum.carlarey.es\/index.php\/wp-json\/wp\/v2\/product_tag?post=412"}],"curies":[{"name":"wp","href":"https:\/\/api.w.org\/{rel}","templated":true}]}}