{"id":396,"date":"2022-03-15T22:51:03","date_gmt":"2022-03-15T22:51:03","guid":{"rendered":"http:\/\/juanramon.tfgudcfeegsfv2022.es\/blog\/?post_type=product&#038;p=396"},"modified":"2022-07-29T16:38:21","modified_gmt":"2022-07-29T16:38:21","slug":"vermouth-rojo-lustau-1-l","status":"publish","type":"product","link":"https:\/\/garum.carlarey.es\/index.php\/producto\/vermouth-rojo-lustau-1-l\/","title":{"rendered":"Vermouth Rojo Lustau &#8211; 1 l"},"content":{"rendered":"<p style=\"text-align: justify;\">Dos de los excepcionales vinos de Lustau son la base de este vermut elegante y con car\u00e1cter: un Amontillado, complejo e intenso, y un Pedro Xim\u00e9nez, dulce y sedoso; con esta base, y una cuidada selecci\u00f3n de 10 bot\u00e1nicos infusionados por separado, Vermut Rojo Lustau consigue un equilibrio perfecto, d\u00f3nde manda la alta calidad de sus vinos.<\/p>\n<p style=\"text-align: justify;\">Su excepcional calidad es ampliamente reconocida, su car\u00e1cter diferente, sabroso y dulz\u00f3n no deja indiferente a nadie.<\/p>\n","protected":false},"excerpt":{"rendered":"<p>Equilibrio perfecto de Amontillado y Pedro Xim\u00e9nez.<\/p>\n","protected":false},"featured_media":25,"comment_status":"open","ping_status":"closed","template":"","meta":[],"product_cat":[20],"product_tag":[],"class_list":["post-396","product","type-product","status-publish","has-post-thumbnail","hentry","product_cat-vermut-y-aperitivos"],"_links":{"self":[{"href":"https:\/\/garum.carlarey.es\/index.php\/wp-json\/wp\/v2\/product\/396","targetHints":{"allow":["GET"]}}],"collection":[{"href":"https:\/\/garum.carlarey.es\/index.php\/wp-json\/wp\/v2\/product"}],"about":[{"href":"https:\/\/garum.carlarey.es\/index.php\/wp-json\/wp\/v2\/types\/product"}],"replies":[{"embeddable":true,"href":"https:\/\/garum.carlarey.es\/index.php\/wp-json\/wp\/v2\/comments?post=396"}],"wp:featuredmedia":[{"embeddable":true,"href":"https:\/\/garum.carlarey.es\/index.php\/wp-json\/wp\/v2\/media\/25"}],"wp:attachment":[{"href":"https:\/\/garum.carlarey.es\/index.php\/wp-json\/wp\/v2\/media?parent=396"}],"wp:term":[{"taxonomy":"product_cat","embeddable":true,"href":"https:\/\/garum.carlarey.es\/index.php\/wp-json\/wp\/v2\/product_cat?post=396"},{"taxonomy":"product_tag","embeddable":true,"href":"https:\/\/garum.carlarey.es\/index.php\/wp-json\/wp\/v2\/product_tag?post=396"}],"curies":[{"name":"wp","href":"https:\/\/api.w.org\/{rel}","templated":true}]}}