{"id":392,"date":"2022-03-15T22:46:34","date_gmt":"2022-03-15T22:46:34","guid":{"rendered":"http:\/\/juanramon.tfgudcfeegsfv2022.es\/blog\/?post_type=product&#038;p=392"},"modified":"2022-07-29T16:39:47","modified_gmt":"2022-07-29T16:39:47","slug":"vermouth-rojo-reserva-yzaguirre-1-l","status":"publish","type":"product","link":"https:\/\/garum.carlarey.es\/index.php\/producto\/vermouth-rojo-reserva-yzaguirre-1-l\/","title":{"rendered":"Vermouth Rojo Reserva Yzaguirre &#8211; 1 l"},"content":{"rendered":"<p style=\"text-align: justify;\">Desde su fundaci\u00f3n, en 1884, Yzaguirre ha elaborado sus vermuts siguiendo los m\u00e9todos tradicionales y las f\u00f3rmulas exclusivas que son el secreto de su aroma y sabor.<\/p>\n<p style=\"text-align: justify;\">Con sus bodegas ubicadas en El Morell, entre Reus y Tarragona, siguen un cuidado proceso de elaboraci\u00f3n para obtener Vermouths Yzaguirre Reserva madurados en barrica de roble 2 a\u00f1os.<\/p>\n<p style=\"text-align: justify;\">Excelente como trago largo, con unas gotas de campari, 3 o 4 cubitos de hielo, una rodaja de naranja, una corteza de naranja rota dentro del vaso y una hoja de menta.<\/p>\n","protected":false},"excerpt":{"rendered":"<p>Madurado en barrica de roble 2 a\u00f1os con particularidades \u00fanicas.<\/p>\n","protected":false},"featured_media":26,"comment_status":"open","ping_status":"closed","template":"","meta":[],"product_cat":[20],"product_tag":[],"class_list":["post-392","product","type-product","status-publish","has-post-thumbnail","hentry","product_cat-vermut-y-aperitivos"],"_links":{"self":[{"href":"https:\/\/garum.carlarey.es\/index.php\/wp-json\/wp\/v2\/product\/392","targetHints":{"allow":["GET"]}}],"collection":[{"href":"https:\/\/garum.carlarey.es\/index.php\/wp-json\/wp\/v2\/product"}],"about":[{"href":"https:\/\/garum.carlarey.es\/index.php\/wp-json\/wp\/v2\/types\/product"}],"replies":[{"embeddable":true,"href":"https:\/\/garum.carlarey.es\/index.php\/wp-json\/wp\/v2\/comments?post=392"}],"wp:featuredmedia":[{"embeddable":true,"href":"https:\/\/garum.carlarey.es\/index.php\/wp-json\/wp\/v2\/media\/26"}],"wp:attachment":[{"href":"https:\/\/garum.carlarey.es\/index.php\/wp-json\/wp\/v2\/media?parent=392"}],"wp:term":[{"taxonomy":"product_cat","embeddable":true,"href":"https:\/\/garum.carlarey.es\/index.php\/wp-json\/wp\/v2\/product_cat?post=392"},{"taxonomy":"product_tag","embeddable":true,"href":"https:\/\/garum.carlarey.es\/index.php\/wp-json\/wp\/v2\/product_tag?post=392"}],"curies":[{"name":"wp","href":"https:\/\/api.w.org\/{rel}","templated":true}]}}