{"id":378,"date":"2022-03-15T22:13:49","date_gmt":"2022-03-15T22:13:49","guid":{"rendered":"http:\/\/juanramon.tfgudcfeegsfv2022.es\/blog\/?post_type=product&#038;p=378"},"modified":"2022-07-29T16:32:58","modified_gmt":"2022-07-29T16:32:58","slug":"allende-gaminde-2015-75-cl","status":"publish","type":"product","link":"https:\/\/garum.carlarey.es\/index.php\/producto\/allende-gaminde-2015-75-cl\/","title":{"rendered":"Allende Gaminde 2015 &#8211; 75 cl"},"content":{"rendered":"<p style=\"text-align: justify;\">Gaminde es uno de los dos nuevos vinos parcelarios de Miguel \u00c1ngel de Gregorio. Es el resultado de un trabajo de m\u00e1s de diez a\u00f1os vinificando 14 vi\u00f1as por separado para comprobar si el car\u00e1cter del terru\u00f1o se segu\u00eda expresando independientemente de la a\u00f1ada.<\/p>\n<p style=\"text-align: justify;\">En este caso la Tempranillo proviene de una finca con orientaci\u00f3n este plantada en 1942. Con una nariz de fruta madura, apuntes golosos y una destacada mineralidad, es un vino de guarda poderoso, largo y profundo.<\/p>\n","protected":false},"excerpt":{"rendered":"<p>Resultado de un trabajo de m\u00e1s de 10 a\u00f1os, vinificando 14 vi\u00f1as por separado.<\/p>\n","protected":false},"featured_media":19,"comment_status":"open","ping_status":"closed","template":"","meta":[],"product_cat":[18],"product_tag":[],"class_list":["post-378","product","type-product","status-publish","has-post-thumbnail","hentry","product_cat-vino-tinto"],"_links":{"self":[{"href":"https:\/\/garum.carlarey.es\/index.php\/wp-json\/wp\/v2\/product\/378","targetHints":{"allow":["GET"]}}],"collection":[{"href":"https:\/\/garum.carlarey.es\/index.php\/wp-json\/wp\/v2\/product"}],"about":[{"href":"https:\/\/garum.carlarey.es\/index.php\/wp-json\/wp\/v2\/types\/product"}],"replies":[{"embeddable":true,"href":"https:\/\/garum.carlarey.es\/index.php\/wp-json\/wp\/v2\/comments?post=378"}],"wp:featuredmedia":[{"embeddable":true,"href":"https:\/\/garum.carlarey.es\/index.php\/wp-json\/wp\/v2\/media\/19"}],"wp:attachment":[{"href":"https:\/\/garum.carlarey.es\/index.php\/wp-json\/wp\/v2\/media?parent=378"}],"wp:term":[{"taxonomy":"product_cat","embeddable":true,"href":"https:\/\/garum.carlarey.es\/index.php\/wp-json\/wp\/v2\/product_cat?post=378"},{"taxonomy":"product_tag","embeddable":true,"href":"https:\/\/garum.carlarey.es\/index.php\/wp-json\/wp\/v2\/product_tag?post=378"}],"curies":[{"name":"wp","href":"https:\/\/api.w.org\/{rel}","templated":true}]}}