{"id":585,"date":"2022-07-15T10:50:36","date_gmt":"2022-07-15T10:50:36","guid":{"rendered":"http:\/\/juanramon.tfgudcfeegsfv2022.es\/blog\/?page_id=344"},"modified":"2022-08-04T16:34:20","modified_gmt":"2022-08-04T16:34:20","slug":"aviso-legal-2","status":"publish","type":"page","link":"https:\/\/garum.carlarey.es\/index.php\/aviso-legal-2\/","title":{"rendered":"Aviso legal"},"content":{"rendered":"\n<h2 class=\"wp-block-heading\"><strong>1. Titularidad del Sitio Web<\/strong><\/h2>\n\n\n<p style=\"text-align: justify;\">En cumplimiento de lo previsto en la Ley 34\/2002, de 11 de julio, de Servicios de la Sociedad de la Informaci\u00f3n y de Comercio Electr\u00f3nico (LSSI-CE), se informa que el titular de este sitio web es la siguiente entidad:<br>Distribuci\u00f3n delicatessen Cave Garum, S.L.U. (en adelante Garum), con NIF B-78923125, inscrita en el Registro Mercantil de la Antigua Roma, al tomo 3426 de la Secci\u00f3n General, folio 1, hoja C-47.803, inscripci\u00f3n 1\u00aa y con domicilio a efectos de notificaciones en V\u00eda Decumana, n\u00famero 00, Antigua Roma, 12345 y correo electr\u00f3nico garum@nocontacto.com.<\/p>\n\n\n<h2 class=\"wp-block-heading\"><strong>2. Objeto<\/strong><\/h2>\n\n\n<p style=\"text-align: justify;\">El presente Sitio Web facilita a los usuarios informaci\u00f3n y servicios prestados por Garum a aquellas personas u organizaciones interesadas en los mismos.<br>La prestaci\u00f3n del servicio del Sitio Web tiene una duraci\u00f3n limitada al momento en el que el Usuario se encuentre conectado al Sitio Web o a alguno de los servicios que a trav\u00e9s del mismo se facilitan. Por tanto, el Usuario debe leer atentamente el presente Aviso Legal en cada una de las ocasiones en que se proponga utilizar el Sitio Web, ya que \u00e9ste y sus condiciones de uso recogidas en el presente Aviso Legal pueden sufrir modificaciones.<\/p>\n\n\n<h2 class=\"wp-block-heading\"><strong>3.Condiciones de uso del Sitio Web<\/strong><\/h2>\n\n\n<p>Las presentes Condiciones de uso regulan el acceso, navegaci\u00f3n y utilizaci\u00f3n del Sitio Web<\/p>\n\n\n<h3 class=\"wp-block-heading\">Aceptaci\u00f3n de las condiciones de uso del Sitio Web<\/h3>\n\n\n<p style=\"text-align: justify;\">Estas condiciones generales de uso del Sitio Web, junto con las condiciones generales de contrataci\u00f3n de los servicios prestados a trav\u00e9s del mismo, as\u00ed como cualquier otra condici\u00f3n que, a tal efecto, se pueda establecer, tienen por finalidad tanto la regulaci\u00f3n e informaci\u00f3n a los usuarios del Sitio Web de los servicios que presta Garum, como la propia regulaci\u00f3n de su uso.<br>El acceso a este sitio web o su utilizaci\u00f3n en cualquier forma implica la aceptaci\u00f3n de la totalidad de lo dispuesto en el presente Aviso Legal. Garum se reserva el derecho de modificar en cualquier momento el presente Aviso. En consecuencia, ser\u00e1 responsabilidad de todo Usuario la lectura del Aviso Legal vigente en cada una de las ocasiones en que acceda, por lo que, si \u00e9ste no est\u00e1 de acuerdo con cualquiera de las condiciones aqu\u00ed dispuestas, deber\u00e1 abstenerse respecto al uso del presente sitio web.<\/p>\n\n\n<h3 class=\"wp-block-heading\">Condiciones de uso generales del Sitio Web<\/h3>\n\n\n<p>Todos los medios t\u00e9cnicos que sean necesarios para acceder al Sitio Web y a la prestaci\u00f3n de los servicios ofertados en ella por Garum ser\u00e1n por cuenta exclusiva del usuario, as\u00ed como tambi\u00e9n cualquier impuesto o gasto de otro tipo a los que la prestaci\u00f3n de estos servicios diera lugar.<br>El acceso y navegaci\u00f3n por el Sitio Web por parte del usuario implica el compromiso de utilizar los contenidos del Sitio Web de forma diligente, correcta y l\u00edcita, absteni\u00e9ndose, en todo caso, de:<\/p>\n<ul>\n<li>Utilizar los citados contenidos con fines o efectos contrarios a la Ley, a la moral y a las buenas costumbres generalmente aceptadas o al orden p\u00fablico.<\/li>\n<li>Reproducir, copiar, distribuir, permitir el acceso del p\u00fablico a trav\u00e9s de cualquier modalidad de comunicaci\u00f3n p\u00fablica, transformar o modificar los contenidos incluidos en el Sitio Web, a menos que se cuente con la correspondiente autorizaci\u00f3n expresa y por escrito de su titular.<\/li>\n<li>Da\u00f1ar, inutilizar o sobrecargar el Sitio Web de manera que impida, de cualquier forma, el normal funcionamiento del mismo.<\/li>\n<li>Utilizar los contenidos del Sitio Web: (i) con fines fraudulentos; y (ii) para remitir publicidad, comunicaciones con fines de venta directa o con cualquier otra clase de finalidad comercial, mensajes no solicitados dirigidos a una pluralidad de personas cualquiera que sea su finalidad, ni comercializar o divulgar de ninguna forma dicha informaci\u00f3n.<\/li>\n<\/ul>\n<p>El incumplimiento de cualquiera de las prohibiciones anteriormente referidas podr\u00e1 llevar aparejada la adopci\u00f3n de Garum de cuantas medidas legales resulten oportunas para la defensa de sus derechos.<\/p>\n\n\n<h2 class=\"wp-block-heading\"><strong>4. Propiedad intelectual e industrial<\/strong><\/h2>\n\n\n<p style=\"text-align: justify;\">El presente Sitio Web con la informaci\u00f3n o elementos contenidos en el mismo tales como textos, ilustraciones, gr\u00e1ficos, im\u00e1genes, etc y en general cualquier material accesible a trav\u00e9s de la web, as\u00ed como las marcas, logotipos y esl\u00f3ganes junto a cualquier otro signo distintivo se encuentra bajo tutela de los derechos reservados de propiedad intelectual e industrial por Garum.<br>En cualquier caso, el uso y la cesi\u00f3n de estos derechos requerir\u00e1 del consentimiento previo por escrito de Garum o las terceras partes titulares de los mismos.<\/p>\n\n\n<h2 class=\"wp-block-heading\"><strong>5. Pol\u00edtica de enlaces<\/strong><\/h2>\n\n\n<p style=\"text-align: justify;\">Garum no se hace responsable de la fiabilidad y correcto funcionamiento de los hiperenlaces que se incorporen en la web para la apertura de otras. Asimismo no garantiza la utilidad de estos enlaces, ni se responsabiliza de los contenidos o servicios a los que pueda acceder el usuario por medio de estos enlaces, ni del buen funcionamiento de estas webs.<\/p>\n\n\n<h2 class=\"wp-block-heading\"><strong>6. Medidas de seguridad<\/strong><\/h2>\n\n\n<p style=\"text-align: justify;\">Los datos personales comunicados por el usuario podr\u00e1n ser almacenados en bases de datos automatizadas o no, cuya titularidad corresponde en exclusiva a Garum S.L.U., asumiendo todas las medidas de \u00e1mbito t\u00e9cnico, organizativo y de seguridad que garanticen la integridad, calidad y confidencialidad de la informaci\u00f3n contenida en las mismas de acuerdo con lo establecido en la normativa aplicable en materia de protecci\u00f3n y tratamiento de datos de car\u00e1cter personal.<br>Puede consultar toda la informaci\u00f3n relativa a la protecci\u00f3n y tratamiento de datos personales que recogemos en la p\u00e1gina de la <a href=\"https:\/\/juanramon.tfgudcfeegsfv2022.es\/blog\/politica-de-privacidad\/\">Pol\u00edtica de Privacidad<\/a>.<\/p>\n\n\n<h2 class=\"wp-block-heading\"><strong>7. Pol\u00edtica de cookies<\/strong><\/h2>\n\n\n<p>El Sitio Web puede emplear cookies o tecnolog\u00edas similares que se regir\u00e1n por lo establecido en la p\u00e1gina de <a href=\"https:\/\/juanramon.tfgudcfeegsfv2022.es\/blog\/politica-de-cookies\/\">Pol\u00edtica de Cookies<\/a>, accesible en todo momento y respetando la confidencialidad e intimidad del usuario, siendo parte integrante del presente Aviso Legal.<\/p>\n\n\n<h2 class=\"wp-block-heading\"><strong>8. Legislaci\u00f3n aplicable y jurisdicci\u00f3n competente<\/strong><\/h2>\n\n\n<p style=\"text-align: justify;\">En todo caso, ser\u00e1n de aplicaci\u00f3n a las relaciones establecidas entre el usuario del Sitio Web y Garum las normas del ordenamiento jur\u00eddico espa\u00f1ol, en las que se basa para establecer relaciones con el consumidor antes de la celebraci\u00f3n de los contratos.<br \/>Si con motivo de las relaciones establecidas entre el usuario del Sitio Web y Garum se generan controversias y trat\u00e1ndose de consumidores finales, se atender\u00e1 al lugar del cumplimiento de la obligaci\u00f3n o al del domicilio de la parte compradora para determinar la competencia jurisdiccional.\u00a0<br \/>Adicionalmente el usuario puede solicitar la mediaci\u00f3n y\/o arbitraje de la Oficina Municipal de Informaci\u00f3n al Usuario (OMIC) o la Direcci\u00f3n General de su Comunidad Aut\u00f3noma.\u00a0 En caso de que el Cliente tuviera su domicilio fuera de Espa\u00f1a, tambi\u00e9n existe la Plataforma de resoluci\u00f3n de litigios en l\u00ednea de la UE, accesible en el siguiente <a href=\"https:\/\/ec.europa.eu\/consumers\/odr\/main\/index.cfm?event=main.home2.show&amp;lng=ES\">enlace<\/a>.<\/p>\n\n\n<h2 class=\"wp-block-heading\"><strong>9. Comunicaci\u00f3n<\/strong><\/h2>\n\n\n<p style=\"text-align: justify;\">En caso de surgir cualquier duda relativa al presente Aviso legal u otra cuesti\u00f3n relativa al sitio web puede ponerse en contacto con Garum y su administrador Moncho a trav\u00e9s de varias v\u00edas: cubriendo el <a href=\"https:\/\/garum.carlarey.es\/index.php\/contacto-2\/\">formulario de contacto<\/a>, al tel\u00e9fono +34 987 654 321 o escribi\u00e9ndonos al correo garum@nocontacto.com.<\/p>","protected":false},"excerpt":{"rendered":"<p>1. Titularidad del Sitio Web En cumplimiento de lo previsto en la Ley 34\/2002, de 11 de julio, de Servicios de la Sociedad de la Informaci\u00f3n y de Comercio Electr\u00f3nico (LSSI-CE), se informa que el titular de este sitio web es la siguiente entidad:Distribuci\u00f3n delicatessen Cave Garum, S.L.U. (en adelante Garum), con NIF B-78923125, inscrita<\/p>\n<div class=\"more-link\">\n\t\t\t\t <a href=\"https:\/\/garum.carlarey.es\/index.php\/aviso-legal-2\/\" class=\"btn theme-btn\"><span>Leer m\u00e1s <\/span><\/a>\n\t\t\t<\/div>\n","protected":false},"author":1,"featured_media":0,"parent":0,"menu_order":0,"comment_status":"closed","ping_status":"closed","template":"","meta":{"footnotes":""},"class_list":["post-585","page","type-page","status-publish","hentry"],"_links":{"self":[{"href":"https:\/\/garum.carlarey.es\/index.php\/wp-json\/wp\/v2\/pages\/585","targetHints":{"allow":["GET"]}}],"collection":[{"href":"https:\/\/garum.carlarey.es\/index.php\/wp-json\/wp\/v2\/pages"}],"about":[{"href":"https:\/\/garum.carlarey.es\/index.php\/wp-json\/wp\/v2\/types\/page"}],"author":[{"embeddable":true,"href":"https:\/\/garum.carlarey.es\/index.php\/wp-json\/wp\/v2\/users\/1"}],"replies":[{"embeddable":true,"href":"https:\/\/garum.carlarey.es\/index.php\/wp-json\/wp\/v2\/comments?post=585"}],"version-history":[{"count":1,"href":"https:\/\/garum.carlarey.es\/index.php\/wp-json\/wp\/v2\/pages\/585\/revisions"}],"predecessor-version":[{"id":697,"href":"https:\/\/garum.carlarey.es\/index.php\/wp-json\/wp\/v2\/pages\/585\/revisions\/697"}],"wp:attachment":[{"href":"https:\/\/garum.carlarey.es\/index.php\/wp-json\/wp\/v2\/media?parent=585"}],"curies":[{"name":"wp","href":"https:\/\/api.w.org\/{rel}","templated":true}]}}